{"id":1586,"date":"2019-05-06T16:24:55","date_gmt":"2019-05-06T14:24:55","guid":{"rendered":"https:\/\/sefarmeshapp.inaffect.one\/cms\/?page_id=1586"},"modified":"2022-01-10T11:01:33","modified_gmt":"2022-01-10T09:01:33","slug":"about-us","status":"publish","type":"page","link":"https:\/\/sefarmeshapp.inaffect.one\/cms\/about-us\/?lang=de","title":{"rendered":"\u00dcber uns"},"content":{"rendered":"<p><a href=\"https:\/\/sefarmeshapp.inaffect.one\/cms\/wp-content\/uploads\/2013\/01\/swiss-mesh.jpg\"><img loading=\"lazy\" class=\"notfullsize aligncenter wp-image-1315 size-full\" title=\"Swiss Mesh Technology\" src=\"https:\/\/sefarmeshapp.inaffect.one\/cms\/wp-content\/uploads\/2013\/01\/swiss-mesh.jpg\" alt=\"\" width=\"95\" height=\"95\" \/><\/a><\/p>\n<p>Sefar ist der f\u00fchrende Hersteller von Pr\u00e4zisionsgeweben aus Monofilamenten f\u00fcr Siebdruck- und Filtrationsanwendungen. Mit umfassendem technischen Anwendungs-Know-how hilft Sefar seinen Kunden, einen optimalen Einsatz ihrer Produkte in der Praxis zu gew\u00e4hrleisten.<br \/>\nTochtergesellschaften und Konfektionszentren in 26 L\u00e4ndern auf 6 Kontinenten bieten technischen Service vor Ort.<\/p>\n<p>Sefar betreibt Webereien in der Schweiz, Rum\u00e4nien und Thailand. Mit Monosuisse verf\u00fcgt die Sefar Gruppe \u00fcber eine eigene Garnproduktion mit Standorten in der Schweiz, in Polen, Rum\u00e4nien und Mexiko.<\/p>\n<p>2018 erzielte die Sefar Gruppe einen Umsatz von 342 Million CHF und besch\u00e4ftigte weltweit rund 2\u2019800 Mitarbeitende.<\/p>\n","protected":false},"excerpt":{"rendered":"<p>Sefar ist der f\u00fchrende Hersteller von Pr\u00e4zisionsgeweben aus Monofilamenten f\u00fcr Siebdruck- und Filtrationsanwendungen. Mit umfassendem technischen Anwendungs-Know-how hilft Sefar seinen Kunden, einen optimalen Einsatz ihrer Produkte in der Praxis zu gew\u00e4hrleisten. Tochtergesellschaften und Konfektionszentren in 26 L\u00e4ndern auf 6 Kontinenten bieten technischen Service vor Ort. Sefar betreibt Webereien in der Schweiz, Rum\u00e4nien und Thailand. Mit [&hellip;]<\/p>\n","protected":false},"author":1,"featured_media":0,"parent":0,"menu_order":0,"comment_status":"closed","ping_status":"open","template":"","meta":[],"_links":{"self":[{"href":"https:\/\/sefarmeshapp.inaffect.one\/cms\/wp-json\/wp\/v2\/pages\/1586\/?lang=de"}],"collection":[{"href":"https:\/\/sefarmeshapp.inaffect.one\/cms\/wp-json\/wp\/v2\/pages\/?lang=de"}],"about":[{"href":"https:\/\/sefarmeshapp.inaffect.one\/cms\/wp-json\/wp\/v2\/types\/page\/?lang=de"}],"author":[{"embeddable":true,"href":"https:\/\/sefarmeshapp.inaffect.one\/cms\/wp-json\/wp\/v2\/users\/1\/?lang=de"}],"replies":[{"embeddable":true,"href":"https:\/\/sefarmeshapp.inaffect.one\/cms\/wp-json\/wp\/v2\/comments\/?lang=de&post=1586"}],"version-history":[{"count":13,"href":"https:\/\/sefarmeshapp.inaffect.one\/cms\/wp-json\/wp\/v2\/pages\/1586\/revisions\/?lang=de"}],"predecessor-version":[{"id":2417,"href":"https:\/\/sefarmeshapp.inaffect.one\/cms\/wp-json\/wp\/v2\/pages\/1586\/revisions\/2417\/?lang=de"}],"wp:attachment":[{"href":"https:\/\/sefarmeshapp.inaffect.one\/cms\/wp-json\/wp\/v2\/media\/?lang=de&parent=1586"}],"curies":[{"name":"wp","href":"https:\/\/api.w.org\/{rel}","templated":true}]}}