{"id":1594,"date":"2019-05-06T16:28:10","date_gmt":"2019-05-06T14:28:10","guid":{"rendered":"https:\/\/sefarmeshapp.inaffect.one\/cms\/?page_id=1594"},"modified":"2019-07-30T15:13:05","modified_gmt":"2019-07-30T13:13:05","slug":"sefar-locations","status":"publish","type":"page","link":"https:\/\/sefarmeshapp.inaffect.one\/cms\/sefar-locations\/?lang=de","title":{"rendered":"Sefar Niederlassungen"},"content":{"rendered":"<figure id=\"attachment_752\" aria-describedby=\"caption-attachment-752\" style=\"width: 300px\" class=\"wp-caption aligncenter\"><a href=\"https:\/\/sefarmeshapp.inaffect.one\/cms\/wp-content\/uploads\/2013\/01\/Map-World-Sefar1.jpg\"><img loading=\"lazy\" class=\"size-full wp-image-752\" title=\"Map-World-Sefar\" src=\"https:\/\/sefarmeshapp.inaffect.one\/cms\/wp-content\/uploads\/2013\/01\/Map-World-Sefar1.jpg\" alt=\"Weltkarte f\u00fcr Standortsuche\" width=\"300\" height=\"161\"><\/a><figcaption id=\"caption-attachment-752\" class=\"wp-caption-text\">Sefar Standorte weltweit<\/figcaption><\/figure>\n<p>Sefar verf\u00fcgt weltweit \u00fcber Niederlassungen und Konfektionszentren in 24 L\u00e4ndern auf 6 Kontinenten, die lokalen technischen Service und optimale L\u00f6sungen f\u00fcr ihre industriellen Prozesse und Anwendungen bieten:<\/p>\n\n\n<div class=\"wp-block-button\"><a class=\"wp-block-button__link\" href=\"https:\/\/sefarmeshapp.inaffect.one\/cms\/sefar-locations\/amerika\/?lang=de\">Amerika<\/a><\/div>\n\n\n\n<div class=\"wp-block-button\"><a class=\"wp-block-button__link\" href=\"https:\/\/sefarmeshapp.inaffect.one\/cms\/sefar-locations\/australien\/?lang=de\">Australien<\/a><\/div>\n\n\n\n<div class=\"wp-block-button\"><a class=\"wp-block-button__link\" href=\"https:\/\/sefarmeshapp.inaffect.one\/cms\/sefar-locations\/brasilien\/?lang=de\">Brasilien<\/a><\/div>\n\n\n\n<div class=\"wp-block-button\"><a class=\"wp-block-button__link\" href=\"https:\/\/sefarmeshapp.inaffect.one\/cms\/sefar-locations\/china\/?lang=de\">China<\/a><\/div>\n\n\n\n<div class=\"wp-block-button\"><a class=\"wp-block-button__link\" href=\"https:\/\/sefarmeshapp.inaffect.one\/cms\/sefar-locations\/deutschland\/?lang=de\">Deutschland<\/a><\/div>\n\n\n\n<div class=\"wp-block-button\"><a class=\"wp-block-button__link\" href=\"https:\/\/sefarmeshapp.inaffect.one\/cms\/sefar-locations\/frankreich\/?lang=de\">Frankreich<\/a><\/div>\n\n\n\n<div class=\"wp-block-button\"><a class=\"wp-block-button__link\" href=\"https:\/\/sefarmeshapp.inaffect.one\/cms\/sefar-locations\/grossbritannien\/?lang=de\">Grossbritannien<\/a><\/div>\n\n\n\n<div class=\"wp-block-button\"><a class=\"wp-block-button__link\" href=\"https:\/\/sefarmeshapp.inaffect.one\/cms\/sefar-locations\/holland\/?lang=de\">Holland<\/a><\/div>\n\n\n\n<div class=\"wp-block-button\"><a class=\"wp-block-button__link\" href=\"https:\/\/sefarmeshapp.inaffect.one\/cms\/sefar-locations\/hong-kong\/?lang=de\">Hong Kong<\/a><\/div>\n\n\n\n<div class=\"wp-block-button\"><a class=\"wp-block-button__link\" href=\"https:\/\/sefarmeshapp.inaffect.one\/cms\/sefar-locations\/indien\/?lang=de\">Indien<\/a><\/div>\n\n\n\n<div class=\"wp-block-button\"><a class=\"wp-block-button__link\" href=\"https:\/\/sefarmeshapp.inaffect.one\/cms\/sefar-locations\/italien\/?lang=de\">Italien<\/a><\/div>\n\n\n\n<div class=\"wp-block-button\"><a class=\"wp-block-button__link\" href=\"https:\/\/sefarmeshapp.inaffect.one\/cms\/sefar-locations\/kanada\/?lang=de\">Kanada<\/a><\/div>\n\n\n\n<div class=\"wp-block-button\"><a class=\"wp-block-button__link\" href=\"https:\/\/sefarmeshapp.inaffect.one\/cms\/sefar-locations\/malaysien\/?lang=de\">Malaysia<\/a><\/div>\n\n\n\n<div class=\"wp-block-button\"><a class=\"wp-block-button__link\" href=\"https:\/\/sefarmeshapp.inaffect.one\/cms\/sefar-locations\/marokko\/?lang=de\">Marokko<\/a><\/div>\n\n\n\n<div class=\"wp-block-button\"><a class=\"wp-block-button__link\" href=\"https:\/\/sefarmeshapp.inaffect.one\/cms\/sefar-locations\/mexiko\/?lang=de\">Mexiko<\/a><\/div>\n\n\n\n<div class=\"wp-block-button\"><a class=\"wp-block-button__link\" href=\"https:\/\/sefarmeshapp.inaffect.one\/cms\/sefar-locations\/neuseeland\/?lang=de\">Neuseeland<\/a><\/div>\n\n\n\n<div class=\"wp-block-button\"><a class=\"wp-block-button__link\" href=\"https:\/\/sefarmeshapp.inaffect.one\/cms\/sefar-locations\/polen\/?lang=de\">Polen<br><\/a><\/div>\n\n\n\n<div class=\"wp-block-button\"><a class=\"wp-block-button__link\" href=\"https:\/\/sefarmeshapp.inaffect.one\/cms\/sefar-locations\/rumaenien\/?lang=de\">Rum\u00e4nien<\/a><\/div>\n\n\n\n<div class=\"wp-block-button\"><a class=\"wp-block-button__link\" href=\"https:\/\/sefarmeshapp.inaffect.one\/cms\/sefar-locations\/russland\/?lang=de\">Russland<\/a><\/div>\n\n\n\n<div class=\"wp-block-button\"><a class=\"wp-block-button__link\" href=\"https:\/\/sefarmeshapp.inaffect.one\/cms\/sefar-locations\/schweiz\/?lang=de\">Schweiz<\/a><\/div>\n\n\n\n<div class=\"wp-block-button\"><a class=\"wp-block-button__link\" href=\"https:\/\/sefarmeshapp.inaffect.one\/cms\/sefar-locations\/singapur\/?lang=de\">Singapur<\/a><\/div>\n\n\n\n<div class=\"wp-block-button\"><a class=\"wp-block-button__link\" href=\"https:\/\/sefarmeshapp.inaffect.one\/cms\/sefar-locations\/spanien\/?lang=de\">Spanien<\/a><\/div>\n\n\n\n<div class=\"wp-block-button\"><a class=\"wp-block-button__link\" href=\"https:\/\/sefarmeshapp.inaffect.one\/cms\/sefar-locations\/suedafrika\/?lang=de\">S\u00fcdafrika<\/a><\/div>\n\n\n\n<div class=\"wp-block-button\"><a class=\"wp-block-button__link\" href=\"https:\/\/sefarmeshapp.inaffect.one\/cms\/sefar-locations\/suedkorea\/?lang=de\">S\u00fcdkorea<\/a><\/div>\n\n\n\n<div class=\"wp-block-button\"><a class=\"wp-block-button__link\" href=\"https:\/\/sefarmeshapp.inaffect.one\/cms\/sefar-locations\/thailand\/?lang=de\">Thailand<\/a><\/div>\n\n\n\n<div class=\"wp-block-button\"><a class=\"wp-block-button__link\" href=\"https:\/\/sefarmeshapp.inaffect.one\/cms\/sefar-locations\/tuerkei\/?lang=de\">T\u00fcrkei<\/a><\/div>\n\n\n\n<div class=\"wp-block-button\"><a class=\"wp-block-button__link\" href=\"https:\/\/sefarmeshapp.inaffect.one\/cms\/sefar-locations\/vietnam\/?lang=de\">Vietnam<\/a><\/div>\n","protected":false},"excerpt":{"rendered":"<p>Sefar verf\u00fcgt weltweit \u00fcber Niederlassungen und Konfektionszentren in 24 L\u00e4ndern auf 6 Kontinenten, die lokalen technischen Service und optimale L\u00f6sungen f\u00fcr ihre industriellen Prozesse und Anwendungen bieten:<\/p>\n","protected":false},"author":1,"featured_media":0,"parent":0,"menu_order":0,"comment_status":"closed","ping_status":"open","template":"","meta":[],"_links":{"self":[{"href":"https:\/\/sefarmeshapp.inaffect.one\/cms\/wp-json\/wp\/v2\/pages\/1594\/?lang=de"}],"collection":[{"href":"https:\/\/sefarmeshapp.inaffect.one\/cms\/wp-json\/wp\/v2\/pages\/?lang=de"}],"about":[{"href":"https:\/\/sefarmeshapp.inaffect.one\/cms\/wp-json\/wp\/v2\/types\/page\/?lang=de"}],"author":[{"embeddable":true,"href":"https:\/\/sefarmeshapp.inaffect.one\/cms\/wp-json\/wp\/v2\/users\/1\/?lang=de"}],"replies":[{"embeddable":true,"href":"https:\/\/sefarmeshapp.inaffect.one\/cms\/wp-json\/wp\/v2\/comments\/?lang=de&post=1594"}],"version-history":[{"count":14,"href":"https:\/\/sefarmeshapp.inaffect.one\/cms\/wp-json\/wp\/v2\/pages\/1594\/revisions\/?lang=de"}],"predecessor-version":[{"id":2160,"href":"https:\/\/sefarmeshapp.inaffect.one\/cms\/wp-json\/wp\/v2\/pages\/1594\/revisions\/2160\/?lang=de"}],"wp:attachment":[{"href":"https:\/\/sefarmeshapp.inaffect.one\/cms\/wp-json\/wp\/v2\/media\/?lang=de&parent=1594"}],"curies":[{"name":"wp","href":"https:\/\/api.w.org\/{rel}","templated":true}]}}