{"id":1620,"date":"2019-05-08T17:56:37","date_gmt":"2019-05-08T15:56:37","guid":{"rendered":"https:\/\/sefarmeshapp.inaffect.one\/cms\/?page_id=1620"},"modified":"2019-06-06T10:54:00","modified_gmt":"2019-06-06T08:54:00","slug":"elektronik","status":"publish","type":"page","link":"https:\/\/sefarmeshapp.inaffect.one\/cms\/applications\/elektronik\/?lang=de","title":{"rendered":"Elektronik"},"content":{"rendered":"<p><a href=\"https:\/\/sefarmeshapp.inaffect.one\/cms\/wp-content\/uploads\/2013\/05\/membrane-switch01.jpg\"><img loading=\"lazy\" class=\"aligncenter size-full wp-image-762\" title=\"membrane-switch01\" src=\"https:\/\/sefarmeshapp.inaffect.one\/cms\/wp-content\/uploads\/2013\/05\/membrane-switch01.jpg\" alt=\"\" width=\"300\" height=\"125\"><\/a><\/p>\n<p><strong>Folientastaturen und Skalen<\/strong><br>Durch dr\u00fccken auf die Folientastaturen werden Schalter angesteuert, die Signale an elektronische&nbsp; Baugruppen weiterleiten.<\/p>\n<p><a href=\"https:\/\/sefarmeshapp.inaffect.one\/cms\/wp-content\/uploads\/2013\/05\/printed-circuit-board01.jpg\"><img loading=\"lazy\" class=\"aligncenter size-full wp-image-763\" title=\"printed-circuit-board01\" src=\"https:\/\/sefarmeshapp.inaffect.one\/cms\/wp-content\/uploads\/2013\/05\/printed-circuit-board01.jpg\" alt=\"\" width=\"300\" height=\"125\"><\/a><\/p>\n<p><strong>Gedruckte Leiterplatten<\/strong><br>F\u00fcr die Leiterplatten- oder \u00abPCB\u00bb-Industrie ist der Siebdruck immer noch das wirtschaftlichste und schnellste Verfahren f\u00fcr den Druck von Markierungen, L\u00f6tstopplack etc.<\/p>\n<p><a href=\"https:\/\/sefarmeshapp.inaffect.one\/cms\/wp-content\/uploads\/2013\/05\/touchscreens2.jpg\"><img loading=\"lazy\" class=\"aligncenter size-full wp-image-1333\" title=\"Touchscreens\" src=\"https:\/\/sefarmeshapp.inaffect.one\/cms\/wp-content\/uploads\/2013\/05\/touchscreens2.jpg\" alt=\"\" width=\"300\" height=\"125\"><\/a><\/p>\n<p><strong>T<strong>ouchscreens und Display<\/strong>s<\/strong><br>Ein Touchscreen ist eine ber\u00fchrungsempfindliche Oberfl\u00e4che, die als Ein- und Ausgabeeinheit verwendet werden. Beispiele hierf\u00fcr sind Smartphones und Tablets.<\/p>\n\n\n<div class=\"wp-block-button\"><a class=\"wp-block-button__link\" href=\"https:\/\/sefarmeshapp.inaffect.one\/cms\/applications\/?lang=de\">Zur\u00fcck<br><\/a><\/div>\n","protected":false},"excerpt":{"rendered":"<p>Folientastaturen und SkalenDurch dr\u00fccken auf die Folientastaturen werden Schalter angesteuert, die Signale an elektronische&nbsp; Baugruppen weiterleiten. Gedruckte LeiterplattenF\u00fcr die Leiterplatten- oder \u00abPCB\u00bb-Industrie ist der Siebdruck immer noch das wirtschaftlichste und schnellste Verfahren f\u00fcr den Druck von Markierungen, L\u00f6tstopplack etc. Touchscreens und DisplaysEin Touchscreen ist eine ber\u00fchrungsempfindliche Oberfl\u00e4che, die als Ein- und Ausgabeeinheit verwendet werden. Beispiele [&hellip;]<\/p>\n","protected":false},"author":4,"featured_media":0,"parent":1588,"menu_order":1,"comment_status":"closed","ping_status":"open","template":"","meta":[],"_links":{"self":[{"href":"https:\/\/sefarmeshapp.inaffect.one\/cms\/wp-json\/wp\/v2\/pages\/1620\/?lang=de"}],"collection":[{"href":"https:\/\/sefarmeshapp.inaffect.one\/cms\/wp-json\/wp\/v2\/pages\/?lang=de"}],"about":[{"href":"https:\/\/sefarmeshapp.inaffect.one\/cms\/wp-json\/wp\/v2\/types\/page\/?lang=de"}],"author":[{"embeddable":true,"href":"https:\/\/sefarmeshapp.inaffect.one\/cms\/wp-json\/wp\/v2\/users\/4\/?lang=de"}],"replies":[{"embeddable":true,"href":"https:\/\/sefarmeshapp.inaffect.one\/cms\/wp-json\/wp\/v2\/comments\/?lang=de&post=1620"}],"version-history":[{"count":4,"href":"https:\/\/sefarmeshapp.inaffect.one\/cms\/wp-json\/wp\/v2\/pages\/1620\/revisions\/?lang=de"}],"predecessor-version":[{"id":2007,"href":"https:\/\/sefarmeshapp.inaffect.one\/cms\/wp-json\/wp\/v2\/pages\/1620\/revisions\/2007\/?lang=de"}],"up":[{"embeddable":true,"href":"https:\/\/sefarmeshapp.inaffect.one\/cms\/wp-json\/wp\/v2\/pages\/1588\/?lang=de"}],"wp:attachment":[{"href":"https:\/\/sefarmeshapp.inaffect.one\/cms\/wp-json\/wp\/v2\/media\/?lang=de&parent=1620"}],"curies":[{"name":"wp","href":"https:\/\/api.w.org\/{rel}","templated":true}]}}