{"id":1625,"date":"2019-05-08T17:33:49","date_gmt":"2019-05-08T15:33:49","guid":{"rendered":"https:\/\/sefarmeshapp.inaffect.one\/cms\/?page_id=1625"},"modified":"2019-06-06T10:57:36","modified_gmt":"2019-06-06T08:57:36","slug":"glass","status":"publish","type":"page","link":"https:\/\/sefarmeshapp.inaffect.one\/cms\/applications\/glass\/?lang=de","title":{"rendered":"Glas"},"content":{"rendered":"<p><a href=\"https:\/\/sefarmeshapp.inaffect.one\/cms\/wp-content\/uploads\/2013\/05\/automotive-glass.jpg\"><img loading=\"lazy\" class=\"aligncenter size-full wp-image-804\" title=\"automotive-glass\" src=\"https:\/\/sefarmeshapp.inaffect.one\/cms\/wp-content\/uploads\/2013\/05\/automotive-glass.jpg\" alt=\"\" width=\"300\" height=\"125\" \/><\/a><\/p>\n<p><strong>Automobilglas<br \/><\/strong>Farben und funktionale Schichten f\u00fcr Scheiben der Fahrzeugindustrie werden fast ausschliesslich mit Siebdruck aufgebracht. Dies gilt f\u00fcr die Randmaskierung, die Heizleiter, die Antennen f\u00fcr Kommunikationssysteme, Radio und GPS sowie die Sonnenschutzscheiben.<\/p>\n<p><a href=\"https:\/\/sefarmeshapp.inaffect.one\/cms\/wp-content\/uploads\/2013\/05\/construction-glass.jpg\"><img loading=\"lazy\" class=\"aligncenter size-full wp-image-805\" title=\"A4_Glass_EN_LAY04.indd\" src=\"https:\/\/sefarmeshapp.inaffect.one\/cms\/wp-content\/uploads\/2013\/05\/construction-glass.jpg\" alt=\"\" width=\"300\" height=\"125\" \/><\/a><\/p>\n<p><strong>Geb\u00e4udeglas<\/strong><br \/>Die Architektur- und Bauindustrie er\u00f6ffnet ein breites Anwendungsgebiet f\u00fcr Siebdruck auf Glas: Fassaden, Trennw\u00e4nden, Glast\u00fcren (Eingangs- und Duschkabinent\u00fcren), Spiegeln sowie Alarm- und Sicherheitsglas.<\/p>\n<p><a href=\"https:\/\/sefarmeshapp.inaffect.one\/cms\/wp-content\/uploads\/2013\/05\/household-glass.jpg\"><img loading=\"lazy\" class=\"aligncenter size-full wp-image-806\" title=\"household-glass\" src=\"https:\/\/sefarmeshapp.inaffect.one\/cms\/wp-content\/uploads\/2013\/05\/household-glass.jpg\" alt=\"\" width=\"300\" height=\"125\" \/><\/a><\/p>\n<p><strong>Haushaltglas<br \/><\/strong>Glas f\u00fcr Haushaltsger\u00e4te wie Mikrowellenherde, Backofent\u00fcren sowie\u00a0Glaskeramikfelder werden meist im Siebdruckverfahren dekoriert.<\/p>\n<p><a href=\"https:\/\/sefarmeshapp.inaffect.one\/cms\/wp-content\/uploads\/2013\/05\/hollow-glass.jpg\"><img loading=\"lazy\" class=\"aligncenter size-full wp-image-807\" title=\"hollow-glass\" src=\"https:\/\/sefarmeshapp.inaffect.one\/cms\/wp-content\/uploads\/2013\/05\/hollow-glass.jpg\" alt=\"\" width=\"300\" height=\"125\" \/><\/a><\/p>\n<p><strong>Hohlglas<br \/><\/strong>Parfums, Kosmetika und Getr\u00e4nkeflaschen werden h\u00e4ufig im Siebdruckverfahren verziert, um ein wertvolles oder luxuri\u00f6ses Erscheinungsbild zu erzielen. Ein zus\u00e4tzlicher Vorteil ist, dass Siebdruckfarben \u00fcberaus haltbar sind.<\/p>\n\n\n<div class=\"wp-block-button\"><a class=\"wp-block-button__link\" href=\"https:\/\/sefarmeshapp.inaffect.one\/cms\/applications\/?lang=de\">Zur\u00fcck<br><\/a><\/div>\n","protected":false},"excerpt":{"rendered":"<p>AutomobilglasFarben und funktionale Schichten f\u00fcr Scheiben der Fahrzeugindustrie werden fast ausschliesslich mit Siebdruck aufgebracht. Dies gilt f\u00fcr die Randmaskierung, die Heizleiter, die Antennen f\u00fcr Kommunikationssysteme, Radio und GPS sowie die Sonnenschutzscheiben. Geb\u00e4udeglasDie Architektur- und Bauindustrie er\u00f6ffnet ein breites Anwendungsgebiet f\u00fcr Siebdruck auf Glas: Fassaden, Trennw\u00e4nden, Glast\u00fcren (Eingangs- und Duschkabinent\u00fcren), Spiegeln sowie Alarm- und Sicherheitsglas. HaushaltglasGlas [&hellip;]<\/p>\n","protected":false},"author":4,"featured_media":0,"parent":1588,"menu_order":2,"comment_status":"closed","ping_status":"open","template":"","meta":[],"_links":{"self":[{"href":"https:\/\/sefarmeshapp.inaffect.one\/cms\/wp-json\/wp\/v2\/pages\/1625\/?lang=de"}],"collection":[{"href":"https:\/\/sefarmeshapp.inaffect.one\/cms\/wp-json\/wp\/v2\/pages\/?lang=de"}],"about":[{"href":"https:\/\/sefarmeshapp.inaffect.one\/cms\/wp-json\/wp\/v2\/types\/page\/?lang=de"}],"author":[{"embeddable":true,"href":"https:\/\/sefarmeshapp.inaffect.one\/cms\/wp-json\/wp\/v2\/users\/4\/?lang=de"}],"replies":[{"embeddable":true,"href":"https:\/\/sefarmeshapp.inaffect.one\/cms\/wp-json\/wp\/v2\/comments\/?lang=de&post=1625"}],"version-history":[{"count":6,"href":"https:\/\/sefarmeshapp.inaffect.one\/cms\/wp-json\/wp\/v2\/pages\/1625\/revisions\/?lang=de"}],"predecessor-version":[{"id":2014,"href":"https:\/\/sefarmeshapp.inaffect.one\/cms\/wp-json\/wp\/v2\/pages\/1625\/revisions\/2014\/?lang=de"}],"up":[{"embeddable":true,"href":"https:\/\/sefarmeshapp.inaffect.one\/cms\/wp-json\/wp\/v2\/pages\/1588\/?lang=de"}],"wp:attachment":[{"href":"https:\/\/sefarmeshapp.inaffect.one\/cms\/wp-json\/wp\/v2\/media\/?lang=de&parent=1625"}],"curies":[{"name":"wp","href":"https:\/\/api.w.org\/{rel}","templated":true}]}}