{"id":1627,"date":"2019-05-08T17:34:12","date_gmt":"2019-05-08T15:34:12","guid":{"rendered":"https:\/\/sefarmeshapp.inaffect.one\/cms\/?page_id=1627"},"modified":"2019-06-06T10:56:09","modified_gmt":"2019-06-06T08:56:09","slug":"ceramics","status":"publish","type":"page","link":"https:\/\/sefarmeshapp.inaffect.one\/cms\/applications\/ceramics\/?lang=de","title":{"rendered":"Keramik"},"content":{"rendered":"<p><a href=\"https:\/\/sefarmeshapp.inaffect.one\/cms\/wp-content\/uploads\/2013\/05\/ceramic-decals.jpg\"><img loading=\"lazy\" class=\"aligncenter size-full wp-image-841\" title=\"ceramic decals\" src=\"https:\/\/sefarmeshapp.inaffect.one\/cms\/wp-content\/uploads\/2013\/05\/ceramic-decals.jpg\" alt=\"\" width=\"300\" height=\"125\"><\/a><\/p>\n<p><strong>Indirektes bedrucken von Keramik<\/strong><br>Unter diesem Verfahren verstehen wir den Siebdruck von keramischen Abschiebebildern. Sogenannte Decals werden zur Verzierung von Essgeschirr, Dekorationskeramik, keramischer Fliesen und Porzellan verwendet. Das auf beschichtetes Transferpapier gedruckte Bild wird mit Hilfe von Wasser oder W\u00e4rme vom Tr\u00e4gerpapier geschoben und auf das zu dekorierende Gut \u00fcbertragen.<\/p>\n<p><a href=\"https:\/\/sefarmeshapp.inaffect.one\/cms\/wp-content\/uploads\/2013\/05\/ceramic-tiles.jpg\"><img loading=\"lazy\" class=\"aligncenter size-full wp-image-842\" title=\"ceramic tiles\" src=\"https:\/\/sefarmeshapp.inaffect.one\/cms\/wp-content\/uploads\/2013\/05\/ceramic-tiles.jpg\" alt=\"\" width=\"300\" height=\"125\"><\/a><\/p>\n<p><strong>Keramikfliesen<\/strong><br>Der Siebdruck ist die vielseitigste Technik, um anspruchsvolle, einzigartige Dekorationen auf strukturierte Oberfl\u00e4chen keramischer Wand- und Bodenfliesen zu drucken. Sie gilt als unentbehrliches Druckverfahren, das die Anforderungen moderner Keramik-Designer erf\u00fcllt.<\/p>\n\n\n<div class=\"wp-block-button\"><a class=\"wp-block-button__link\" href=\"https:\/\/sefarmeshapp.inaffect.one\/cms\/applications\/?lang=de\">Zur\u00fcck<\/a><\/div>\n","protected":false},"excerpt":{"rendered":"<p>Indirektes bedrucken von KeramikUnter diesem Verfahren verstehen wir den Siebdruck von keramischen Abschiebebildern. Sogenannte Decals werden zur Verzierung von Essgeschirr, Dekorationskeramik, keramischer Fliesen und Porzellan verwendet. Das auf beschichtetes Transferpapier gedruckte Bild wird mit Hilfe von Wasser oder W\u00e4rme vom Tr\u00e4gerpapier geschoben und auf das zu dekorierende Gut \u00fcbertragen. KeramikfliesenDer Siebdruck ist die vielseitigste Technik, [&hellip;]<\/p>\n","protected":false},"author":4,"featured_media":0,"parent":1588,"menu_order":6,"comment_status":"closed","ping_status":"open","template":"","meta":[],"_links":{"self":[{"href":"https:\/\/sefarmeshapp.inaffect.one\/cms\/wp-json\/wp\/v2\/pages\/1627\/?lang=de"}],"collection":[{"href":"https:\/\/sefarmeshapp.inaffect.one\/cms\/wp-json\/wp\/v2\/pages\/?lang=de"}],"about":[{"href":"https:\/\/sefarmeshapp.inaffect.one\/cms\/wp-json\/wp\/v2\/types\/page\/?lang=de"}],"author":[{"embeddable":true,"href":"https:\/\/sefarmeshapp.inaffect.one\/cms\/wp-json\/wp\/v2\/users\/4\/?lang=de"}],"replies":[{"embeddable":true,"href":"https:\/\/sefarmeshapp.inaffect.one\/cms\/wp-json\/wp\/v2\/comments\/?lang=de&post=1627"}],"version-history":[{"count":4,"href":"https:\/\/sefarmeshapp.inaffect.one\/cms\/wp-json\/wp\/v2\/pages\/1627\/revisions\/?lang=de"}],"predecessor-version":[{"id":2012,"href":"https:\/\/sefarmeshapp.inaffect.one\/cms\/wp-json\/wp\/v2\/pages\/1627\/revisions\/2012\/?lang=de"}],"up":[{"embeddable":true,"href":"https:\/\/sefarmeshapp.inaffect.one\/cms\/wp-json\/wp\/v2\/pages\/1588\/?lang=de"}],"wp:attachment":[{"href":"https:\/\/sefarmeshapp.inaffect.one\/cms\/wp-json\/wp\/v2\/media\/?lang=de&parent=1627"}],"curies":[{"name":"wp","href":"https:\/\/api.w.org\/{rel}","templated":true}]}}