{"id":1629,"date":"2019-05-08T17:38:49","date_gmt":"2019-05-08T15:38:49","guid":{"rendered":"https:\/\/sefarmeshapp.inaffect.one\/cms\/?page_id=1629"},"modified":"2019-06-11T12:41:58","modified_gmt":"2019-06-11T10:41:58","slug":"plastics-packaging","status":"publish","type":"page","link":"https:\/\/sefarmeshapp.inaffect.one\/cms\/applications\/plastics-packaging\/?lang=de","title":{"rendered":"Kunststoffe &#038; Verpackungen"},"content":{"rendered":"<p><a href=\"https:\/\/sefarmeshapp.inaffect.one\/cms\/wp-content\/uploads\/2013\/05\/plastic-container.jpg\"><img loading=\"lazy\" class=\"aligncenter size-full wp-image-862\" title=\"plastic container\" src=\"https:\/\/sefarmeshapp.inaffect.one\/cms\/wp-content\/uploads\/2013\/05\/plastic-container.jpg\" alt=\"\" width=\"300\" height=\"125\"><\/a><\/p>\n<p><strong>Kunststoffbeh\u00e4lter<\/strong><br>Tuben und Kunststoffbeh\u00e4lter werden in nahezu allen Bereichen des t\u00e4glichen Lebens eingesetzt, von Lebensmittel- und Getr\u00e4nkebeh\u00e4ltern bis hin zu Pharmazeutika und Kosmetika. Gekonnte Siebdruck-Dekoration tr\u00e4gt wesentlich dazu bei, den Kunden zum Kauf zu bewegen.<\/p>\n<p><a href=\"https:\/\/sefarmeshapp.inaffect.one\/cms\/wp-content\/uploads\/2013\/05\/credit-cards.jpg\"><img loading=\"lazy\" class=\"aligncenter size-full wp-image-863\" title=\"credit cards\" src=\"https:\/\/sefarmeshapp.inaffect.one\/cms\/wp-content\/uploads\/2013\/05\/credit-cards.jpg\" alt=\"\" width=\"300\" height=\"125\"><\/a><\/p>\n<p><strong>Kreditkarten<br><\/strong>Kreditkarten, besonders die der Premium-Klasse, sind auch Statussymbole. So gilt es, beim Design hohen Wert zu visualisieren, damit sie gerne eingesetzt werden.<\/p>\n<p><a href=\"https:\/\/sefarmeshapp.inaffect.one\/cms\/wp-content\/uploads\/2013\/05\/promotional-articles.jpg\"><img loading=\"lazy\" class=\"aligncenter size-full wp-image-864\" title=\"promotional articles\" src=\"https:\/\/sefarmeshapp.inaffect.one\/cms\/wp-content\/uploads\/2013\/05\/promotional-articles.jpg\" alt=\"\" width=\"300\" height=\"125\"><\/a><\/p>\n<p><strong>Werbeartikel<\/strong><br>Der ideale Werbeartikel kostet wenig, sieht aber wertig aus und macht deshalb als Botschafter beim Empf\u00e4nger einen nachhaltig guten Eindruck.<\/p>\n<p><strong><a href=\"https:\/\/sefarmeshapp.inaffect.one\/cms\/wp-content\/uploads\/2013\/05\/sports-equipment2.jpg\"><img loading=\"lazy\" class=\"aligncenter size-full wp-image-1320\" title=\"Sports equipment2\" src=\"https:\/\/sefarmeshapp.inaffect.one\/cms\/wp-content\/uploads\/2013\/05\/sports-equipment2.jpg\" alt=\"\" width=\"300\" height=\"125\"><\/a>Sportger\u00e4te<\/strong><br>Wir sind alle Augenmenschen, auch im Sportgesch\u00e4ft. Ob Helme, Velos, Skier oder Snowboards, gerne lassen wir uns anziehen von Metallic-, Lack-, Perl-, Fluoreszenz-, Rau- oder Softeffekten. Siebdruck im Direkt- oder Transferdruck ist daf\u00fcr die Applikationsmethode Ihrer Wahl.<\/p>\n<p><a href=\"https:\/\/sefarmeshapp.inaffect.one\/cms\/wp-content\/uploads\/2013\/05\/in-mould-decoration.jpg\"><img loading=\"lazy\" class=\"aligncenter size-full wp-image-868\" title=\"in mould decoration\" src=\"https:\/\/sefarmeshapp.inaffect.one\/cms\/wp-content\/uploads\/2013\/05\/in-mould-decoration.jpg\" alt=\"\" width=\"300\" height=\"125\"><\/a><\/p>\n<p><strong>In-Mould Decoration (IMD)<\/strong><br>Dekorierte Folien durch Hinterspritzen in Kunststoffbauteile umzuformen, heisst Zeit und Kosten sparen. Voraussetzung:&nbsp;hohe Pr\u00e4zision und zu jedem Formteil das genau richtige Gewebe.<\/p>\n<p><a href=\"https:\/\/sefarmeshapp.inaffect.one\/cms\/wp-content\/uploads\/2013\/05\/labels1.jpg\"><img loading=\"lazy\" class=\"aligncenter size-full wp-image-870\" title=\"labels\" src=\"https:\/\/sefarmeshapp.inaffect.one\/cms\/wp-content\/uploads\/2013\/05\/labels1.jpg\" alt=\"\" width=\"300\" height=\"125\"><\/a><\/p>\n<p><strong>Etiketten<\/strong><br>Etiketten sind Botschafter, die genauso informieren wie verf\u00fchren. Mit Siebdruck erzielen Sie deckende, extrem brillante Farbt\u00f6ne und Effekte genau nach Ihren W\u00fcnschen.<\/p>\n<p><a href=\"https:\/\/sefarmeshapp.inaffect.one\/cms\/wp-content\/uploads\/2013\/05\/optical-discs.jpg\"><img loading=\"lazy\" class=\"aligncenter size-full wp-image-871\" title=\"optical discs\" src=\"https:\/\/sefarmeshapp.inaffect.one\/cms\/wp-content\/uploads\/2013\/05\/optical-discs.jpg\" alt=\"\" width=\"300\" height=\"125\"><\/a><\/p>\n<p><strong>Optische Datentr\u00e4ger<br><\/strong>Der Siebdruck ist das beliebteste Druckverfahren zum Dekorieren von CDs und DVDs. Es bietet auch mehrere Vorteile: hohe Weissdeckkraft Farbbrillanz und zahllose Gestaltungsm\u00f6glichkeiten mit Farben und Effektfarben.<\/p>\n\n\n<div class=\"wp-block-button\"><a class=\"wp-block-button__link\" href=\"https:\/\/sefarmeshapp.inaffect.one\/cms\/applications\/?lang=de\">Zur\u00fcck<\/a><\/div>\n","protected":false},"excerpt":{"rendered":"<p>Kunststoffbeh\u00e4lterTuben und Kunststoffbeh\u00e4lter werden in nahezu allen Bereichen des t\u00e4glichen Lebens eingesetzt, von Lebensmittel- und Getr\u00e4nkebeh\u00e4ltern bis hin zu Pharmazeutika und Kosmetika. Gekonnte Siebdruck-Dekoration tr\u00e4gt wesentlich dazu bei, den Kunden zum Kauf zu bewegen. KreditkartenKreditkarten, besonders die der Premium-Klasse, sind auch Statussymbole. So gilt es, beim Design hohen Wert zu visualisieren, damit sie gerne eingesetzt [&hellip;]<\/p>\n","protected":false},"author":4,"featured_media":0,"parent":1588,"menu_order":4,"comment_status":"closed","ping_status":"open","template":"","meta":[],"_links":{"self":[{"href":"https:\/\/sefarmeshapp.inaffect.one\/cms\/wp-json\/wp\/v2\/pages\/1629\/?lang=de"}],"collection":[{"href":"https:\/\/sefarmeshapp.inaffect.one\/cms\/wp-json\/wp\/v2\/pages\/?lang=de"}],"about":[{"href":"https:\/\/sefarmeshapp.inaffect.one\/cms\/wp-json\/wp\/v2\/types\/page\/?lang=de"}],"author":[{"embeddable":true,"href":"https:\/\/sefarmeshapp.inaffect.one\/cms\/wp-json\/wp\/v2\/users\/4\/?lang=de"}],"replies":[{"embeddable":true,"href":"https:\/\/sefarmeshapp.inaffect.one\/cms\/wp-json\/wp\/v2\/comments\/?lang=de&post=1629"}],"version-history":[{"count":9,"href":"https:\/\/sefarmeshapp.inaffect.one\/cms\/wp-json\/wp\/v2\/pages\/1629\/revisions\/?lang=de"}],"predecessor-version":[{"id":2027,"href":"https:\/\/sefarmeshapp.inaffect.one\/cms\/wp-json\/wp\/v2\/pages\/1629\/revisions\/2027\/?lang=de"}],"up":[{"embeddable":true,"href":"https:\/\/sefarmeshapp.inaffect.one\/cms\/wp-json\/wp\/v2\/pages\/1588\/?lang=de"}],"wp:attachment":[{"href":"https:\/\/sefarmeshapp.inaffect.one\/cms\/wp-json\/wp\/v2\/media\/?lang=de&parent=1629"}],"curies":[{"name":"wp","href":"https:\/\/api.w.org\/{rel}","templated":true}]}}