{"id":1631,"date":"2019-05-08T17:39:13","date_gmt":"2019-05-08T15:39:13","guid":{"rendered":"https:\/\/sefarmeshapp.inaffect.one\/cms\/?page_id=1631"},"modified":"2019-06-06T10:56:30","modified_gmt":"2019-06-06T08:56:30","slug":"solar","status":"publish","type":"page","link":"https:\/\/sefarmeshapp.inaffect.one\/cms\/applications\/solar\/?lang=de","title":{"rendered":"Solar"},"content":{"rendered":"<p><a href=\"https:\/\/sefarmeshapp.inaffect.one\/cms\/wp-content\/uploads\/2013\/05\/solar_kristalline.jpg\"><img loading=\"lazy\" class=\"aligncenter size-full wp-image-848\" title=\"solar kristalline\" src=\"https:\/\/sefarmeshapp.inaffect.one\/cms\/wp-content\/uploads\/2013\/05\/solar_kristalline.jpg\" alt=\"\" width=\"300\" height=\"125\"><\/a><\/p>\n<p><strong><strong>Kristalline Solarzellen<\/strong><\/strong><br>F\u00fcr Spezialisten ist seit langem klar: Der Siebdruck bietet der Photovoltaik-Industrie die zuverl\u00e4ssigste, g\u00fcnstigste und schnellste Technologie zum Aufbringen von Metallschichten.<\/p>\n<p><a href=\"https:\/\/sefarmeshapp.inaffect.one\/cms\/wp-content\/uploads\/2013\/05\/solar_dye_sensitized.jpg\"><img loading=\"lazy\" class=\"aligncenter size-full wp-image-849\" title=\"dye-sensitized solar cell\" src=\"https:\/\/sefarmeshapp.inaffect.one\/cms\/wp-content\/uploads\/2013\/05\/solar_dye_sensitized.jpg\" alt=\"\" width=\"300\" height=\"125\"><\/a><\/p>\n<p><strong>Farbstoffempfindliche Solarzellen<\/strong><br>Der Siebdruckprozess bietet der Solarindustrie eine ausgereifte, kosteng\u00fcnstige Technologie zum Aufbringen von Metallschichten, die f\u00fcr die Herstellung von Solarzellen erforderlich sind und erf\u00fcllt damit die Anforderungen f\u00fcr die Massenproduktion des weltweit wachsenden Energiemarktes.<\/p>\n\n\n<div class=\"wp-block-button\"><a class=\"wp-block-button__link\" href=\"https:\/\/sefarmeshapp.inaffect.one\/cms\/applications\/?lang=de\">Zur\u00fcck<\/a><\/div>\n","protected":false},"excerpt":{"rendered":"<p>Kristalline SolarzellenF\u00fcr Spezialisten ist seit langem klar: Der Siebdruck bietet der Photovoltaik-Industrie die zuverl\u00e4ssigste, g\u00fcnstigste und schnellste Technologie zum Aufbringen von Metallschichten. Farbstoffempfindliche SolarzellenDer Siebdruckprozess bietet der Solarindustrie eine ausgereifte, kosteng\u00fcnstige Technologie zum Aufbringen von Metallschichten, die f\u00fcr die Herstellung von Solarzellen erforderlich sind und erf\u00fcllt damit die Anforderungen f\u00fcr die Massenproduktion des weltweit wachsenden [&hellip;]<\/p>\n","protected":false},"author":4,"featured_media":0,"parent":1588,"menu_order":7,"comment_status":"closed","ping_status":"open","template":"","meta":[],"_links":{"self":[{"href":"https:\/\/sefarmeshapp.inaffect.one\/cms\/wp-json\/wp\/v2\/pages\/1631\/?lang=de"}],"collection":[{"href":"https:\/\/sefarmeshapp.inaffect.one\/cms\/wp-json\/wp\/v2\/pages\/?lang=de"}],"about":[{"href":"https:\/\/sefarmeshapp.inaffect.one\/cms\/wp-json\/wp\/v2\/types\/page\/?lang=de"}],"author":[{"embeddable":true,"href":"https:\/\/sefarmeshapp.inaffect.one\/cms\/wp-json\/wp\/v2\/users\/4\/?lang=de"}],"replies":[{"embeddable":true,"href":"https:\/\/sefarmeshapp.inaffect.one\/cms\/wp-json\/wp\/v2\/comments\/?lang=de&post=1631"}],"version-history":[{"count":3,"href":"https:\/\/sefarmeshapp.inaffect.one\/cms\/wp-json\/wp\/v2\/pages\/1631\/revisions\/?lang=de"}],"predecessor-version":[{"id":2013,"href":"https:\/\/sefarmeshapp.inaffect.one\/cms\/wp-json\/wp\/v2\/pages\/1631\/revisions\/2013\/?lang=de"}],"up":[{"embeddable":true,"href":"https:\/\/sefarmeshapp.inaffect.one\/cms\/wp-json\/wp\/v2\/pages\/1588\/?lang=de"}],"wp:attachment":[{"href":"https:\/\/sefarmeshapp.inaffect.one\/cms\/wp-json\/wp\/v2\/media\/?lang=de&parent=1631"}],"curies":[{"name":"wp","href":"https:\/\/api.w.org\/{rel}","templated":true}]}}