{"id":1665,"date":"2019-05-09T12:54:14","date_gmt":"2019-05-09T10:54:14","guid":{"rendered":"https:\/\/sefarmeshapp.inaffect.one\/cms\/?page_id=1665"},"modified":"2019-06-06T10:54:46","modified_gmt":"2019-06-06T08:54:46","slug":"graphics","status":"publish","type":"page","link":"https:\/\/sefarmeshapp.inaffect.one\/cms\/applications\/graphics\/?lang=de","title":{"rendered":"Grafik"},"content":{"rendered":"<p><a href=\"https:\/\/sefarmeshapp.inaffect.one\/cms\/wp-content\/uploads\/2013\/05\/finishing.jpg\"><img loading=\"lazy\" class=\"aligncenter size-full wp-image-824\" title=\"finishing\" src=\"https:\/\/sefarmeshapp.inaffect.one\/cms\/wp-content\/uploads\/2013\/05\/finishing.jpg\" alt=\"\" width=\"300\" height=\"125\"><\/a><\/p>\n<p><strong>Beeindruckende Druckveredlung<\/strong><br>Die Herstellung von Etiketten erfolgt meist im Siebdruckverfahren, da dies zahlreiche Spezialeffekte erm\u00f6glicht und Produkten aus den Bereichen Kosmetik und K\u00f6rperpflege, Gesundheit und Sch\u00f6nheit und Pharmazeutik sowie der&nbsp;Nahrungsmittel- und Getr\u00e4nkeindustrie ein attraktives Aussehen verleiht.<\/p>\n<p><a href=\"https:\/\/sefarmeshapp.inaffect.one\/cms\/wp-content\/uploads\/2013\/05\/lg-sm-format.jpg\"><img loading=\"lazy\" class=\"aligncenter size-full wp-image-825\" title=\"large\/small format\" src=\"https:\/\/sefarmeshapp.inaffect.one\/cms\/wp-content\/uploads\/2013\/05\/lg-sm-format.jpg\" alt=\"\" width=\"300\" height=\"125\"><\/a><\/p>\n<p><strong>Grossformatiger UV-Grafikdruck<\/strong><br>Grossformatige Plakate werden meist mit UV-Farben gedruckt. Typischerweise werden Siebformate von 150 cm und gr\u00f6sser verwendet. Ziel diese Grafiken ist es, dem Publikum Marketing und Werbeinhalte sowie allgemeine Informationen zu vermitteln. Bekannte Anwendungen sind: Werbeplakate in Einkaufszentren, Verkaufsdisplays, Werbung an Bushaltestellen, Beschriftungen und Bilder auf Bussen und Z\u00fcgen sowie riesige Billboards und Geb\u00e4udedekorationen.<\/p>\n<p><a href=\"https:\/\/sefarmeshapp.inaffect.one\/cms\/wp-content\/uploads\/2013\/05\/labels.jpg\"><img loading=\"lazy\" class=\"aligncenter size-full wp-image-826\" title=\"A5_Grafics_EN_LAY05.indd\" src=\"https:\/\/sefarmeshapp.inaffect.one\/cms\/wp-content\/uploads\/2013\/05\/labels.jpg\" alt=\"\" width=\"300\" height=\"125\"><\/a><\/p>\n<p><strong>Kleinformatiger UV-Grafikdruck<\/strong><br>UV-Farben sind aufgrund der guten Deckkraft und Widerstandsf\u00e4higkeit gegen\u00fcber dem Ausbleichen und Zerkratzen des Drucks eine optimale Wahl f\u00fcr kleinformatige Grafikanwendungen. Beispiele sind: POP, Bodengrafiken, Getr\u00e4nkekisten, Grafiken auf Fahrzeuge, Abziehbilder, Beschriftungen, Etiketten und Beschilderungen.<\/p>\n<p><a href=\"https:\/\/sefarmeshapp.inaffect.one\/cms\/wp-content\/uploads\/2013\/05\/decals.jpg\"><img loading=\"lazy\" class=\"aligncenter size-full wp-image-827\" title=\"A5_Grafics_EN_LAY05.indd\" src=\"https:\/\/sefarmeshapp.inaffect.one\/cms\/wp-content\/uploads\/2013\/05\/decals.jpg\" alt=\"\" width=\"300\" height=\"125\"><\/a><\/p>\n<p><strong>Transfer- und Abschiebebilder<br><\/strong>Siebdruck ist die beste L\u00f6sung f\u00fcr deckendes Weiss, wie z.B. f\u00fcr Dekorationen und Beschriftungen im Modellbau oder von Zweiradfahrzeugen, wo starke Farben, Kratzfestigkeit sowie hohe Best\u00e4ndigkeit gegen\u00fcber mechanischen und witterungsbedingten Einfl\u00fcssen sowie Benzinbest\u00e4ndigkeit gefragt sind.<\/p>\n\n\n<div class=\"wp-block-button\"><a class=\"wp-block-button__link\" href=\"https:\/\/sefarmeshapp.inaffect.one\/cms\/applications\/?lang=de\">Zur\u00fcck<\/a><\/div>\n","protected":false},"excerpt":{"rendered":"<p>Beeindruckende DruckveredlungDie Herstellung von Etiketten erfolgt meist im Siebdruckverfahren, da dies zahlreiche Spezialeffekte erm\u00f6glicht und Produkten aus den Bereichen Kosmetik und K\u00f6rperpflege, Gesundheit und Sch\u00f6nheit und Pharmazeutik sowie der&nbsp;Nahrungsmittel- und Getr\u00e4nkeindustrie ein attraktives Aussehen verleiht. Grossformatiger UV-GrafikdruckGrossformatige Plakate werden meist mit UV-Farben gedruckt. Typischerweise werden Siebformate von 150 cm und gr\u00f6sser verwendet. Ziel diese Grafiken [&hellip;]<\/p>\n","protected":false},"author":4,"featured_media":0,"parent":1588,"menu_order":3,"comment_status":"closed","ping_status":"open","template":"","meta":[],"_links":{"self":[{"href":"https:\/\/sefarmeshapp.inaffect.one\/cms\/wp-json\/wp\/v2\/pages\/1665\/?lang=de"}],"collection":[{"href":"https:\/\/sefarmeshapp.inaffect.one\/cms\/wp-json\/wp\/v2\/pages\/?lang=de"}],"about":[{"href":"https:\/\/sefarmeshapp.inaffect.one\/cms\/wp-json\/wp\/v2\/types\/page\/?lang=de"}],"author":[{"embeddable":true,"href":"https:\/\/sefarmeshapp.inaffect.one\/cms\/wp-json\/wp\/v2\/users\/4\/?lang=de"}],"replies":[{"embeddable":true,"href":"https:\/\/sefarmeshapp.inaffect.one\/cms\/wp-json\/wp\/v2\/comments\/?lang=de&post=1665"}],"version-history":[{"count":6,"href":"https:\/\/sefarmeshapp.inaffect.one\/cms\/wp-json\/wp\/v2\/pages\/1665\/revisions\/?lang=de"}],"predecessor-version":[{"id":2009,"href":"https:\/\/sefarmeshapp.inaffect.one\/cms\/wp-json\/wp\/v2\/pages\/1665\/revisions\/2009\/?lang=de"}],"up":[{"embeddable":true,"href":"https:\/\/sefarmeshapp.inaffect.one\/cms\/wp-json\/wp\/v2\/pages\/1588\/?lang=de"}],"wp:attachment":[{"href":"https:\/\/sefarmeshapp.inaffect.one\/cms\/wp-json\/wp\/v2\/media\/?lang=de&parent=1665"}],"curies":[{"name":"wp","href":"https:\/\/api.w.org\/{rel}","templated":true}]}}