{"id":1691,"date":"2019-05-09T13:37:14","date_gmt":"2019-05-09T11:37:14","guid":{"rendered":"https:\/\/sefarmeshapp.inaffect.one\/cms\/?page_id=1691"},"modified":"2019-07-31T15:10:08","modified_gmt":"2019-07-31T13:10:08","slug":"sefar-pa","status":"publish","type":"page","link":"https:\/\/sefarmeshapp.inaffect.one\/cms\/screen-printing-mesh\/sefar-pa\/?lang=de","title":{"rendered":"SEFAR PA"},"content":{"rendered":"<p><strong><img loading=\"lazy\" class=\"wp-image-2149 size-full aligncenter\" title=\"SEFAR PA\" src=\"https:\/\/sefarmeshapp.inaffect.one\/cms\/wp-content\/uploads\/2019\/07\/ps_SEFAR-PA-300x125-1.jpg\" alt=\"\" width=\"300\" height=\"125\"><\/strong><\/p>\n<p><strong>SEFAR PA <\/strong>ist das bevorzugte Gewebe f\u00fcr den K\u00f6rperdruck sowie spezielle Anwendungen, wie Dekorationen auf Keramikfliesen, Glasbeh\u00e4ltern, Werbeartikeln und anderen schwierigen Oberfl\u00e4chen.<\/p>\n\n\n<div class=\"wp-block-button\"><a class=\"wp-block-button__link\" href=\"https:\/\/www.sefar.com\/de\/609\/Product-Finder\/Siebdruck\/SEFAR-PA\/SEFAR-PA.htm?Folder=6919841\">Mehr Infos auf Sefar Website<\/a><\/div>\n\n\n\n<div class=\"wp-block-button\"><a class=\"wp-block-button__link\" href=\"https:\/\/sefarmeshapp.inaffect.one\/cms\/screen-printing-mesh\/?lang=de\">Zur\u00fcck<\/a><\/div>\n","protected":false},"excerpt":{"rendered":"<p>SEFAR PA ist das bevorzugte Gewebe f\u00fcr den K\u00f6rperdruck sowie spezielle Anwendungen, wie Dekorationen auf Keramikfliesen, Glasbeh\u00e4ltern, Werbeartikeln und anderen schwierigen Oberfl\u00e4chen.<\/p>\n","protected":false},"author":4,"featured_media":0,"parent":1590,"menu_order":3,"comment_status":"closed","ping_status":"open","template":"","meta":[],"_links":{"self":[{"href":"https:\/\/sefarmeshapp.inaffect.one\/cms\/wp-json\/wp\/v2\/pages\/1691\/?lang=de"}],"collection":[{"href":"https:\/\/sefarmeshapp.inaffect.one\/cms\/wp-json\/wp\/v2\/pages\/?lang=de"}],"about":[{"href":"https:\/\/sefarmeshapp.inaffect.one\/cms\/wp-json\/wp\/v2\/types\/page\/?lang=de"}],"author":[{"embeddable":true,"href":"https:\/\/sefarmeshapp.inaffect.one\/cms\/wp-json\/wp\/v2\/users\/4\/?lang=de"}],"replies":[{"embeddable":true,"href":"https:\/\/sefarmeshapp.inaffect.one\/cms\/wp-json\/wp\/v2\/comments\/?lang=de&post=1691"}],"version-history":[{"count":7,"href":"https:\/\/sefarmeshapp.inaffect.one\/cms\/wp-json\/wp\/v2\/pages\/1691\/revisions\/?lang=de"}],"predecessor-version":[{"id":2199,"href":"https:\/\/sefarmeshapp.inaffect.one\/cms\/wp-json\/wp\/v2\/pages\/1691\/revisions\/2199\/?lang=de"}],"up":[{"embeddable":true,"href":"https:\/\/sefarmeshapp.inaffect.one\/cms\/wp-json\/wp\/v2\/pages\/1590\/?lang=de"}],"wp:attachment":[{"href":"https:\/\/sefarmeshapp.inaffect.one\/cms\/wp-json\/wp\/v2\/media\/?lang=de&parent=1691"}],"curies":[{"name":"wp","href":"https:\/\/api.w.org\/{rel}","templated":true}]}}