{"id":1693,"date":"2019-05-09T13:37:41","date_gmt":"2019-05-09T11:37:41","guid":{"rendered":"https:\/\/sefarmeshapp.inaffect.one\/cms\/?page_id=1693"},"modified":"2019-07-31T15:11:54","modified_gmt":"2019-07-31T13:11:54","slug":"sefar-pcf","status":"publish","type":"page","link":"https:\/\/sefarmeshapp.inaffect.one\/cms\/screen-printing-mesh\/sefar-pcf\/?lang=de","title":{"rendered":"SEFAR PCF"},"content":{"rendered":"<p><img loading=\"lazy\" class=\"aligncenter wp-image-2155 size-full\" title=\"SEFAR PCF\" src=\"https:\/\/sefarmeshapp.inaffect.one\/cms\/wp-content\/uploads\/2019\/07\/ps_navi-pcf-300x125.jpg\" alt=\"\" width=\"300\" height=\"125\"><\/p>\n<p><strong>SEFAR PCF<\/strong> \u2013 Der vorgefertigte Drucktr\u00e4ger in konstanter Spitzenqualit\u00e4t. SEFAR PCF ist das einzigartig vorbeschichtete Siebdruckgewebe f\u00fcr den industriellen Siebdruck. F\u00fcr beste Druckqualit\u00e4t und h\u00f6chste Effizienz. Die Verarbeitung dieses innovativen Produktes ist sauber, platzsparend und umweltfreundlich.<\/p>\n\n\n<div class=\"wp-block-button\"><a class=\"wp-block-button__link\" href=\"https:\/\/www.sefar.com\/de\/609\/Product-Finder\/Siebdruck\/SEFAR-PCF\/SEFAR-PCF.htm?Folder=6919844\">Mehr Infos auf Sefar Website<\/a><\/div>\n\n\n\n<div class=\"wp-block-button\"><a class=\"wp-block-button__link\" href=\"https:\/\/sefarmeshapp.inaffect.one\/cms\/screen-printing-mesh\/?lang=de\">Zur\u00fcck<\/a><\/div>\n","protected":false},"excerpt":{"rendered":"<p>SEFAR PCF \u2013 Der vorgefertigte Drucktr\u00e4ger in konstanter Spitzenqualit\u00e4t. SEFAR PCF ist das einzigartig vorbeschichtete Siebdruckgewebe f\u00fcr den industriellen Siebdruck. F\u00fcr beste Druckqualit\u00e4t und h\u00f6chste Effizienz. Die Verarbeitung dieses innovativen Produktes ist sauber, platzsparend und umweltfreundlich.<\/p>\n","protected":false},"author":4,"featured_media":0,"parent":1590,"menu_order":4,"comment_status":"closed","ping_status":"open","template":"","meta":[],"_links":{"self":[{"href":"https:\/\/sefarmeshapp.inaffect.one\/cms\/wp-json\/wp\/v2\/pages\/1693\/?lang=de"}],"collection":[{"href":"https:\/\/sefarmeshapp.inaffect.one\/cms\/wp-json\/wp\/v2\/pages\/?lang=de"}],"about":[{"href":"https:\/\/sefarmeshapp.inaffect.one\/cms\/wp-json\/wp\/v2\/types\/page\/?lang=de"}],"author":[{"embeddable":true,"href":"https:\/\/sefarmeshapp.inaffect.one\/cms\/wp-json\/wp\/v2\/users\/4\/?lang=de"}],"replies":[{"embeddable":true,"href":"https:\/\/sefarmeshapp.inaffect.one\/cms\/wp-json\/wp\/v2\/comments\/?lang=de&post=1693"}],"version-history":[{"count":6,"href":"https:\/\/sefarmeshapp.inaffect.one\/cms\/wp-json\/wp\/v2\/pages\/1693\/revisions\/?lang=de"}],"predecessor-version":[{"id":2201,"href":"https:\/\/sefarmeshapp.inaffect.one\/cms\/wp-json\/wp\/v2\/pages\/1693\/revisions\/2201\/?lang=de"}],"up":[{"embeddable":true,"href":"https:\/\/sefarmeshapp.inaffect.one\/cms\/wp-json\/wp\/v2\/pages\/1590\/?lang=de"}],"wp:attachment":[{"href":"https:\/\/sefarmeshapp.inaffect.one\/cms\/wp-json\/wp\/v2\/media\/?lang=de&parent=1693"}],"curies":[{"name":"wp","href":"https:\/\/api.w.org\/{rel}","templated":true}]}}