{"id":1765,"date":"2019-05-15T12:20:54","date_gmt":"2019-05-15T10:20:54","guid":{"rendered":"https:\/\/sefarmeshapp.inaffect.one\/cms\/?page_id=1765"},"modified":"2019-06-17T15:11:54","modified_gmt":"2019-06-17T13:11:54","slug":"sefar-electronicline","status":"publish","type":"page","link":"https:\/\/sefarmeshapp.inaffect.one\/cms\/screen-printing-mesh\/sefar-electronicline\/?lang=de","title":{"rendered":"SEFAR ELECTRONICLINE"},"content":{"rendered":"\n<figure class=\"wp-block-image\"><img loading=\"lazy\" width=\"300\" height=\"125\" src=\"https:\/\/sefarmeshapp.inaffect.one\/cms\/wp-content\/uploads\/2019\/06\/ps_Sefar-Electronicline.jpg\" alt=\"\" class=\"wp-image-2109\"\/><\/figure>\n\n\n\n<p><strong>SEFAR ELECTRONICLINE<\/strong><br>Als effizient einsetzbares Premium-Sortiment mit hoher Pr\u00e4zision und minimaler Dehnung, erleichtern diese Gewebe in der Leiterplatten-Industrie die Schablonenherstellung und erm\u00f6glichen zuverl\u00e4ssig reproduzierbare Druckresultate auf dem neuesten Stand der Technik. <\/p>\n\n\n\n<div class=\"wp-block-button\"><a class=\"wp-block-button__link\" href=\"https:\/\/sefarmeshapp.inaffect.one\/cms\/screen-printing-mesh\/?lang=de\">Zur\u00fcck<\/a><\/div>\n","protected":false},"excerpt":{"rendered":"<p>SEFAR ELECTRONICLINEAls effizient einsetzbares Premium-Sortiment mit hoher Pr\u00e4zision und minimaler Dehnung, erleichtern diese Gewebe in der Leiterplatten-Industrie die Schablonenherstellung und erm\u00f6glichen zuverl\u00e4ssig reproduzierbare Druckresultate auf dem neuesten Stand der Technik.<\/p>\n","protected":false},"author":4,"featured_media":0,"parent":1590,"menu_order":6,"comment_status":"closed","ping_status":"closed","template":"","meta":[],"_links":{"self":[{"href":"https:\/\/sefarmeshapp.inaffect.one\/cms\/wp-json\/wp\/v2\/pages\/1765\/?lang=de"}],"collection":[{"href":"https:\/\/sefarmeshapp.inaffect.one\/cms\/wp-json\/wp\/v2\/pages\/?lang=de"}],"about":[{"href":"https:\/\/sefarmeshapp.inaffect.one\/cms\/wp-json\/wp\/v2\/types\/page\/?lang=de"}],"author":[{"embeddable":true,"href":"https:\/\/sefarmeshapp.inaffect.one\/cms\/wp-json\/wp\/v2\/users\/4\/?lang=de"}],"replies":[{"embeddable":true,"href":"https:\/\/sefarmeshapp.inaffect.one\/cms\/wp-json\/wp\/v2\/comments\/?lang=de&post=1765"}],"version-history":[{"count":10,"href":"https:\/\/sefarmeshapp.inaffect.one\/cms\/wp-json\/wp\/v2\/pages\/1765\/revisions\/?lang=de"}],"predecessor-version":[{"id":2115,"href":"https:\/\/sefarmeshapp.inaffect.one\/cms\/wp-json\/wp\/v2\/pages\/1765\/revisions\/2115\/?lang=de"}],"up":[{"embeddable":true,"href":"https:\/\/sefarmeshapp.inaffect.one\/cms\/wp-json\/wp\/v2\/pages\/1590\/?lang=de"}],"wp:attachment":[{"href":"https:\/\/sefarmeshapp.inaffect.one\/cms\/wp-json\/wp\/v2\/media\/?lang=de&parent=1765"}],"curies":[{"name":"wp","href":"https:\/\/api.w.org\/{rel}","templated":true}]}}