{"id":1847,"date":"2019-05-15T14:19:21","date_gmt":"2019-05-15T12:19:21","guid":{"rendered":"https:\/\/sefarmeshapp.inaffect.one\/cms\/?page_id=1847"},"modified":"2020-01-15T10:53:22","modified_gmt":"2020-01-15T08:53:22","slug":"brasilien","status":"publish","type":"page","link":"https:\/\/sefarmeshapp.inaffect.one\/cms\/sefar-locations\/brasilien\/?lang=de","title":{"rendered":"Brasilien"},"content":{"rendered":"<p><a href=\"https:\/\/sefarmeshapp.inaffect.one\/cms\/wp-content\/uploads\/2013\/05\/gr_loc_BR-BER.jpg\"><img loading=\"lazy\" class=\"aligncenter size-full wp-image-956\" title=\"BR-Bernado do Campo\" src=\"https:\/\/sefarmeshapp.inaffect.one\/cms\/wp-content\/uploads\/2013\/05\/gr_loc_BR-BER.jpg\" alt=\"\" width=\"265\" height=\"176\" \/><\/a><\/p>\n<p><strong>Sefar<\/strong> <strong>Ind\u00fastria e Com\u00e9rcio Ltda.<\/strong><br \/><em>Filtration &amp;<\/em> <span style=\"color: #ff0000;\"><em>Siebdruck<\/em><\/span><br \/>Av. Robert Kennedy, 625, Planalto<br \/>09895-003 S\u00e3o Bernardo do Campo<br \/>Tel: <a href=\"tel:00551143906300\">+55 11 4390 6300<\/a><br \/>Fax: +55 11 4941 8830<\/p>\n\n\n<div class=\"wp-block-button\"><a class=\"wp-block-button__link\" href=\"https:\/\/sefarmeshapp.inaffect.one\/cms\/sefar-locations\/?lang=de\">Zur\u00fcck<\/a><\/div>\n","protected":false},"excerpt":{"rendered":"<p>Sefar Ind\u00fastria e Com\u00e9rcio Ltda.Filtration &amp; SiebdruckAv. Robert Kennedy, 625, Planalto09895-003 S\u00e3o Bernardo do CampoTel: +55 11 4390 6300Fax: +55 11 4941 8830<\/p>\n","protected":false},"author":4,"featured_media":0,"parent":1594,"menu_order":3,"comment_status":"closed","ping_status":"open","template":"","meta":[],"_links":{"self":[{"href":"https:\/\/sefarmeshapp.inaffect.one\/cms\/wp-json\/wp\/v2\/pages\/1847\/?lang=de"}],"collection":[{"href":"https:\/\/sefarmeshapp.inaffect.one\/cms\/wp-json\/wp\/v2\/pages\/?lang=de"}],"about":[{"href":"https:\/\/sefarmeshapp.inaffect.one\/cms\/wp-json\/wp\/v2\/types\/page\/?lang=de"}],"author":[{"embeddable":true,"href":"https:\/\/sefarmeshapp.inaffect.one\/cms\/wp-json\/wp\/v2\/users\/4\/?lang=de"}],"replies":[{"embeddable":true,"href":"https:\/\/sefarmeshapp.inaffect.one\/cms\/wp-json\/wp\/v2\/comments\/?lang=de&post=1847"}],"version-history":[{"count":7,"href":"https:\/\/sefarmeshapp.inaffect.one\/cms\/wp-json\/wp\/v2\/pages\/1847\/revisions\/?lang=de"}],"predecessor-version":[{"id":2365,"href":"https:\/\/sefarmeshapp.inaffect.one\/cms\/wp-json\/wp\/v2\/pages\/1847\/revisions\/2365\/?lang=de"}],"up":[{"embeddable":true,"href":"https:\/\/sefarmeshapp.inaffect.one\/cms\/wp-json\/wp\/v2\/pages\/1594\/?lang=de"}],"wp:attachment":[{"href":"https:\/\/sefarmeshapp.inaffect.one\/cms\/wp-json\/wp\/v2\/media\/?lang=de&parent=1847"}],"curies":[{"name":"wp","href":"https:\/\/api.w.org\/{rel}","templated":true}]}}