{"id":1864,"date":"2019-05-15T14:25:58","date_gmt":"2019-05-15T12:25:58","guid":{"rendered":"https:\/\/sefarmeshapp.inaffect.one\/cms\/?page_id=1864"},"modified":"2020-01-15T11:11:10","modified_gmt":"2020-01-15T09:11:10","slug":"mexiko","status":"publish","type":"page","link":"https:\/\/sefarmeshapp.inaffect.one\/cms\/sefar-locations\/mexiko\/?lang=de","title":{"rendered":"Mexiko"},"content":{"rendered":"<p><a href=\"https:\/\/sefarmeshapp.inaffect.one\/cms\/wp-content\/uploads\/2013\/06\/gr_loc_MX-CUA.jpg\"><img loading=\"lazy\" class=\"aligncenter size-full wp-image-1102\" title=\"MX-Cautitlan\" src=\"https:\/\/sefarmeshapp.inaffect.one\/cms\/wp-content\/uploads\/2013\/06\/gr_loc_MX-CUA.jpg\" alt=\"\" width=\"265\" height=\"176\" \/><\/a><\/p>\n<p><strong>Sefar SA de CV<\/strong><br \/><em>Filtration &amp; <span style=\"color: #ff0000;\">Siebdruck<\/span><\/em><br \/>Carretera Tepotzotlan &#8211; La Aurora Km 1, <br \/>Nave 3 Mod. A S\/N, Col: Axotl\u00e1n<br \/>Cuautitl\u00e1n Izcalli, Edo de M\u00e9xico<br \/>Tel: <a href=\"tel:00525553948689\">+52 55 5394 8689<\/a><br \/>Fax: +52 55 5899 6129<\/p>\n<p><a href=\"https:\/\/sefarmeshapp.inaffect.one\/cms\/wp-content\/uploads\/2019\/10\/gr_loc_MX-MON02.jpg\"><img loading=\"lazy\" class=\"size-full wp-image-2348 aligncenter\" src=\"https:\/\/sefarmeshapp.inaffect.one\/cms\/wp-content\/uploads\/2019\/10\/gr_loc_MX-MON02.jpg\" alt=\"\" width=\"234\" height=\"176\" \/><\/a><\/p>\n<p><strong>Sefar SA de CV<\/strong><br \/><span style=\"color: #ff0000;\"><em>Siebdruck<\/em><\/span><br \/>Antonio I. Villarreal N\u00b0 2323 Norte<br \/>Col. Moderna<br \/>Monterrey, Nuevo Le\u00f3n<br \/>Tel: <a href=\"tel:+528183458164\">+52 81 8345 8164<\/a><\/p>\n\n\n<div class=\"wp-block-button\"><a class=\"wp-block-button__link\" href=\"https:\/\/sefarmeshapp.inaffect.one\/cms\/sefar-locations\/?lang=de\">Zur\u00fcck<\/a><\/div>\n","protected":false},"excerpt":{"rendered":"<p>Sefar SA de CVFiltration &amp; SiebdruckCarretera Tepotzotlan &#8211; La Aurora Km 1, Nave 3 Mod. A S\/N, Col: Axotl\u00e1nCuautitl\u00e1n Izcalli, Edo de M\u00e9xicoTel: +52 55 5394 8689Fax: +52 55 5899 6129 Sefar SA de CVSiebdruckAntonio I. Villarreal N\u00b0 2323 NorteCol. ModernaMonterrey, Nuevo Le\u00f3nTel: +52 81 8345 8164<\/p>\n","protected":false},"author":4,"featured_media":0,"parent":1594,"menu_order":13,"comment_status":"closed","ping_status":"open","template":"","meta":[],"_links":{"self":[{"href":"https:\/\/sefarmeshapp.inaffect.one\/cms\/wp-json\/wp\/v2\/pages\/1864\/?lang=de"}],"collection":[{"href":"https:\/\/sefarmeshapp.inaffect.one\/cms\/wp-json\/wp\/v2\/pages\/?lang=de"}],"about":[{"href":"https:\/\/sefarmeshapp.inaffect.one\/cms\/wp-json\/wp\/v2\/types\/page\/?lang=de"}],"author":[{"embeddable":true,"href":"https:\/\/sefarmeshapp.inaffect.one\/cms\/wp-json\/wp\/v2\/users\/4\/?lang=de"}],"replies":[{"embeddable":true,"href":"https:\/\/sefarmeshapp.inaffect.one\/cms\/wp-json\/wp\/v2\/comments\/?lang=de&post=1864"}],"version-history":[{"count":8,"href":"https:\/\/sefarmeshapp.inaffect.one\/cms\/wp-json\/wp\/v2\/pages\/1864\/revisions\/?lang=de"}],"predecessor-version":[{"id":2384,"href":"https:\/\/sefarmeshapp.inaffect.one\/cms\/wp-json\/wp\/v2\/pages\/1864\/revisions\/2384\/?lang=de"}],"up":[{"embeddable":true,"href":"https:\/\/sefarmeshapp.inaffect.one\/cms\/wp-json\/wp\/v2\/pages\/1594\/?lang=de"}],"wp:attachment":[{"href":"https:\/\/sefarmeshapp.inaffect.one\/cms\/wp-json\/wp\/v2\/media\/?lang=de&parent=1864"}],"curies":[{"name":"wp","href":"https:\/\/api.w.org\/{rel}","templated":true}]}}