{"id":955,"date":"2013-05-27T15:34:27","date_gmt":"2013-05-27T13:34:27","guid":{"rendered":"https:\/\/sefarmeshapp.inaffect.one\/cms\/?page_id=955"},"modified":"2020-01-15T10:52:56","modified_gmt":"2020-01-15T08:52:56","slug":"brasilien","status":"publish","type":"page","link":"https:\/\/sefarmeshapp.inaffect.one\/cms\/anfahrtskarte\/brasilien\/","title":{"rendered":"Brazil"},"content":{"rendered":"<p><a href=\"https:\/\/sefarmeshapp.inaffect.one\/cms\/wp-content\/uploads\/2013\/05\/gr_loc_BR-BER.jpg\"><img loading=\"lazy\" class=\"aligncenter size-full wp-image-956\" title=\"BR-Bernado do Campo\" src=\"https:\/\/sefarmeshapp.inaffect.one\/cms\/wp-content\/uploads\/2013\/05\/gr_loc_BR-BER.jpg\" alt=\"\" width=\"265\" height=\"176\" \/><\/a><\/p>\n<p><strong>Sefar<\/strong> <strong>Ind\u00fastria e Com\u00e9rcio Ltda.<\/strong><br \/><em>Filtration &amp;<\/em> <span style=\"color: #ff0000;\"><em>Screen Printing<\/em><\/span><br \/>Av. Robert Kennedy, 625, Planalto<br \/>09895-003 S\u00e3o Bernardo do Campo<br \/>Phone: <a href=\"tel:00551143906300\">+55 11 4390 6300<\/a><br \/>Fax: +55 11 4941 8830<\/p>\n\n\n<div class=\"wp-block-button\"><a class=\"wp-block-button__link\" href=\"https:\/\/sefarmeshapp.inaffect.one\/cms\/anfahrtskarte\/\">Back<\/a><\/div>\n","protected":false},"excerpt":{"rendered":"<p>Sefar Ind\u00fastria e Com\u00e9rcio Ltda.Filtration &amp; Screen PrintingAv. Robert Kennedy, 625, Planalto09895-003 S\u00e3o Bernardo do CampoPhone: +55 11 4390 6300Fax: +55 11 4941 8830<\/p>\n","protected":false},"author":1,"featured_media":0,"parent":634,"menu_order":3,"comment_status":"closed","ping_status":"open","template":"","meta":[],"_links":{"self":[{"href":"https:\/\/sefarmeshapp.inaffect.one\/cms\/wp-json\/wp\/v2\/pages\/955"}],"collection":[{"href":"https:\/\/sefarmeshapp.inaffect.one\/cms\/wp-json\/wp\/v2\/pages"}],"about":[{"href":"https:\/\/sefarmeshapp.inaffect.one\/cms\/wp-json\/wp\/v2\/types\/page"}],"author":[{"embeddable":true,"href":"https:\/\/sefarmeshapp.inaffect.one\/cms\/wp-json\/wp\/v2\/users\/1"}],"replies":[{"embeddable":true,"href":"https:\/\/sefarmeshapp.inaffect.one\/cms\/wp-json\/wp\/v2\/comments?post=955"}],"version-history":[{"count":20,"href":"https:\/\/sefarmeshapp.inaffect.one\/cms\/wp-json\/wp\/v2\/pages\/955\/revisions"}],"predecessor-version":[{"id":2364,"href":"https:\/\/sefarmeshapp.inaffect.one\/cms\/wp-json\/wp\/v2\/pages\/955\/revisions\/2364"}],"up":[{"embeddable":true,"href":"https:\/\/sefarmeshapp.inaffect.one\/cms\/wp-json\/wp\/v2\/pages\/634"}],"wp:attachment":[{"href":"https:\/\/sefarmeshapp.inaffect.one\/cms\/wp-json\/wp\/v2\/media?parent=955"}],"curies":[{"name":"wp","href":"https:\/\/api.w.org\/{rel}","templated":true}]}}